{"id":18,"date":"2019-07-24T16:27:13","date_gmt":"2019-07-24T16:27:13","guid":{"rendered":"https:\/\/store.rotoplastweb.com\/?page_id=18"},"modified":"2026-04-04T11:31:35","modified_gmt":"2026-04-04T10:31:35","slug":"azienda","status":"publish","type":"page","link":"https:\/\/rotoplastweb.com\/index.php\/azienda\/","title":{"rendered":"Azienda"},"content":{"rendered":"<div class=\"fusion-fullwidth fullwidth-box fusion-builder-row-1 nonhundred-percent-fullwidth non-hundred-percent-height-scrolling\" style=\"--awb-border-radius-top-left:0px;--awb-border-radius-top-right:0px;--awb-border-radius-bottom-right:0px;--awb-border-radius-bottom-left:0px;--awb-flex-wrap:wrap;\" ><div class=\"fusion-builder-row fusion-row\"><div class=\"fusion-layout-column fusion_builder_column fusion-builder-column-0 fusion_builder_column_1_1 1_1 fusion-one-full fusion-column-first fusion-column-last\" style=\"--awb-bg-size:cover;\"><div class=\"fusion-column-wrapper fusion-column-has-shadow fusion-flex-column-wrapper-legacy\"><div class=\"fusion-image-element in-legacy-container\" style=\"--awb-caption-title-font-family:var(--h2_typography-font-family);--awb-caption-title-font-weight:var(--h2_typography-font-weight);--awb-caption-title-font-style:var(--h2_typography-font-style);--awb-caption-title-size:var(--h2_typography-font-size);--awb-caption-title-transform:var(--h2_typography-text-transform);--awb-caption-title-line-height:var(--h2_typography-line-height);--awb-caption-title-letter-spacing:var(--h2_typography-letter-spacing);\"><span class=\" fusion-imageframe imageframe-none imageframe-1 hover-type-none\"><img decoding=\"async\" width=\"1024\" height=\"316\" alt=\"panorama_rotoplast\" title=\"Panorama_Rotoplast\" src=\"https:\/\/store.rotoplastweb.com\/wp-content\/uploads\/2019\/10\/Panorama_Rotoplast-1024x316.jpg\" class=\"img-responsive wp-image-317\" srcset=\"https:\/\/rotoplastweb.com\/wp-content\/uploads\/2019\/10\/Panorama_Rotoplast-200x62.jpg 200w, https:\/\/rotoplastweb.com\/wp-content\/uploads\/2019\/10\/Panorama_Rotoplast-400x123.jpg 400w, https:\/\/rotoplastweb.com\/wp-content\/uploads\/2019\/10\/Panorama_Rotoplast-600x185.jpg 600w, https:\/\/rotoplastweb.com\/wp-content\/uploads\/2019\/10\/Panorama_Rotoplast-800x247.jpg 800w, https:\/\/rotoplastweb.com\/wp-content\/uploads\/2019\/10\/Panorama_Rotoplast-1200x370.jpg 1200w, https:\/\/rotoplastweb.com\/wp-content\/uploads\/2019\/10\/Panorama_Rotoplast.jpg 2048w\" sizes=\"(max-width: 800px) 100vw, 1200px\" \/><\/span><\/div><div class=\"fusion-title title fusion-title-1 fusion-title-text fusion-title-size-two\" style=\"--awb-margin-top-small:0px;--awb-margin-right-small:0px;--awb-margin-bottom-small:20px;--awb-margin-left-small:0px;\"><h2 class=\"fusion-title-heading title-heading-left\" style=\"margin:0;\">Dal 1996 sempre al vostro fianco<\/h2><span class=\"awb-title-spacer\"><\/span><div class=\"title-sep-container\"><div class=\"title-sep sep-double sep-solid\" style=\"border-color:#e0dede;\"><\/div><\/div><\/div><div class=\"fusion-text fusion-text-1\"><p>La <strong>RotoPlast<\/strong> \u00e8 un&#8217;azienda con molti anni di esperienza alle spalle, specializzati nel settore dell\u2019<strong>imballaggio<\/strong>. Posizionati nel cuore della zona industriale di Foligno, oltre ad offrire una vasta gamma di prodotti per il riempimento e la protezione, sviluppiamo imballaggi personalizzati come nastri adesivi stampati ed imballaggi in polietilene espanso su misura. Lavoriamo principalmente con materiali riciclabili, leggeri e a basso impatto ambientale. Sempre attenti alle Vostre esigenze siamo alla continua ricerca di nuove tecnologie per venire incontro alle richieste pi\u00f9 specifiche. Abbiamo sempre cercato di mantenere le nostre promesse e i nostri impegni di affidabilit\u00e0 e professionalit\u00e0 ed \u00e8 per questo che possiamo dire grazie a pi\u00f9 di 2000 clienti in tutta Italia che ci hanno scelto e che ancora collaborano con noi.<\/p>\n<\/div><div class=\"fusion-title title fusion-title-2 fusion-title-text fusion-title-size-two\" style=\"--awb-margin-top-small:0px;--awb-margin-right-small:0px;--awb-margin-bottom-small:20px;--awb-margin-left-small:0px;\"><h2 class=\"fusion-title-heading title-heading-left\" style=\"margin:0;\">Mission<\/h2><span class=\"awb-title-spacer\"><\/span><div class=\"title-sep-container\"><div class=\"title-sep sep-double sep-solid\" style=\"border-color:#e0dede;\"><\/div><\/div><\/div><div class=\"fusion-text fusion-text-2\"><p>Il nostro\u00a0obbiettivo \u00e8 quello di instaurare partnership con tutti i tipi di aziende e piccoli artigiani, riservando una speciale attenzione alle piccole realt\u00e0 che incentrano la produzione sulla qualit\u00e0 dei propri prodotti. In un mercato moderno che diventa sempre pi\u00f9 competitivo si sente l&#8217;esigenza dell&#8217;unicit\u00e0 ed \u00e8 per questo che noi della RotoPlast vogliamo fornire l\u2019opportunit\u00e0 di stampare il vostro nastro personalizzato &#8220;anche in piccole quantit\u00e0&#8221; con una proposta commerciale che non teme nessuna concorrenza, ne i prezzi della grande produzione. La struttura estremamente snella e la vendita diretta ci permettono di ridurre notevolmente i costi e i tempi di lavorazione e di poter garantire la massima soddisfazione e qualit\u00e0.<br \/>\nMa sopra ogni cosa&#8230;<br \/>\nLa nostra missione&#8230; \u00e8 la piena soddisfazione del cliente.<\/p>\n<\/div><div class=\"fusion-title title fusion-title-3 fusion-title-text fusion-title-size-two\" style=\"--awb-margin-top-small:0px;--awb-margin-right-small:0px;--awb-margin-bottom-small:20px;--awb-margin-left-small:0px;\"><h2 class=\"fusion-title-heading title-heading-left\" style=\"margin:0;\">Punti di forza<\/h2><span class=\"awb-title-spacer\"><\/span><div class=\"title-sep-container\"><div class=\"title-sep sep-double sep-solid\" style=\"border-color:#e0dede;\"><\/div><\/div><\/div><div class=\"fusion-text fusion-text-3\"><p>Un elevato numero di clienti in tutta Italia giornalmente decide di acquistare con <strong>RotoPlast<\/strong> perch\u00e9:<\/p>\n<ul>\n<li><strong>Possibilit\u00e0 di personalizzare piccole forniture<\/strong>, E&#8217; possibile di stampare anche solo 72 ROTOLI di NASTRO ADESIVO.<\/li>\n<li><strong>Qualit\u00e0 del lavoro<\/strong> indiscutibile, grazie alla stampa a caldo e l\u2019elevata precisione dei macchinari che sono sempre in continua evoluzione.<\/li>\n<li><strong>Massima chiarezza<\/strong> tutti gli articoli sono accuratamente descritti e correlati di una esaustiva descrizione, dal proprio prezzo e relativa spesa di trasporto.<\/li>\n<li><strong>Offriamo prezzi convenienti<\/strong>, grazie l\u2019elevato numero di lavori giornalieri possiamo essere cos\u00ec estremamente competitivi.<\/li>\n<li><strong>Cura dell&#8217;aspetto grafico<\/strong> grazie a personale esperto che vi affiancher\u00e0 in ogni vostra esigenza..<\/li>\n<li><strong>Competenza<\/strong>, la migliore consulenza alla vendita con tecnici incaricati di seguire e monitorare esclusivamente gli ordini sul web e di offrire la massima assistenza a tutte le richieste.<\/li>\n<li><strong>Velocit\u00e0 nell&#8217;esecuzione<\/strong> del lavoro, grazie ad una rete di lavorazione snella e la consegna mediante i migliori corrieri espressi. Riusciamo a gestire il 92% degli ordini personalizzati entro 10 giorni lavorativi dall\u2019approvazione dalla bozza.<\/li>\n<\/ul>\n<\/div><div class=\"fusion-clearfix\"><\/div><\/div><\/div><\/div><\/div>\n","protected":false},"excerpt":{"rendered":"","protected":false},"author":1,"featured_media":0,"parent":0,"menu_order":0,"comment_status":"closed","ping_status":"closed","template":"","meta":{"wp_pinch_chat_agent_id":"","wp_pinch_chat_placeholder":"","footnotes":""},"class_list":["post-18","page","type-page","status-publish","hentry"],"yoast_head":"<!-- This site is optimized with the Yoast SEO plugin v27.5 - https:\/\/yoast.com\/product\/yoast-seo-wordpress\/ -->\n<title>Rotoplast - Materiali, Macchinari Soluzioni per limballaggio<\/title>\n<meta name=\"description\" content=\"RotoPlast - Vendita di materiali, macchinari e soluzioni per limballaggio. Stampa nastri personalizzati, anche in piccole quantit\u00e0.\" \/>\n<meta name=\"robots\" content=\"index, follow, max-snippet:-1, max-image-preview:large, max-video-preview:-1\" \/>\n<link rel=\"canonical\" href=\"https:\/\/rotoplastweb.com\/index.php\/azienda\/\" \/>\n<meta property=\"og:locale\" content=\"it_IT\" \/>\n<meta property=\"og:type\" content=\"article\" \/>\n<meta property=\"og:title\" content=\"Rotoplast - Materiali, Macchinari Soluzioni per limballaggio\" \/>\n<meta property=\"og:description\" content=\"RotoPlast - Vendita di materiali, macchinari e soluzioni per limballaggio. Stampa nastri personalizzati, anche in piccole quantit\u00e0.\" \/>\n<meta property=\"og:url\" content=\"https:\/\/rotoplastweb.com\/index.php\/azienda\/\" \/>\n<meta property=\"og:site_name\" content=\"Rotoplast\" \/>\n<meta property=\"article:modified_time\" content=\"2026-04-04T10:31:35+00:00\" \/>\n<meta name=\"twitter:card\" content=\"summary_large_image\" \/>\n<meta name=\"twitter:label1\" content=\"Tempo di lettura stimato\" \/>\n\t<meta name=\"twitter:data1\" content=\"4 minuti\" \/>\n<!-- \/ Yoast SEO plugin. -->","yoast_head_json":{"title":"Rotoplast - Materiali, Macchinari Soluzioni per limballaggio","description":"RotoPlast - Vendita di materiali, macchinari e soluzioni per limballaggio. Stampa nastri personalizzati, anche in piccole quantit\u00e0.","robots":{"index":"index","follow":"follow","max-snippet":"max-snippet:-1","max-image-preview":"max-image-preview:large","max-video-preview":"max-video-preview:-1"},"canonical":"https:\/\/rotoplastweb.com\/index.php\/azienda\/","og_locale":"it_IT","og_type":"article","og_title":"Rotoplast - Materiali, Macchinari Soluzioni per limballaggio","og_description":"RotoPlast - Vendita di materiali, macchinari e soluzioni per limballaggio. Stampa nastri personalizzati, anche in piccole quantit\u00e0.","og_url":"https:\/\/rotoplastweb.com\/index.php\/azienda\/","og_site_name":"Rotoplast","article_modified_time":"2026-04-04T10:31:35+00:00","twitter_card":"summary_large_image","twitter_misc":{"Tempo di lettura stimato":"4 minuti"},"schema":{"@context":"https:\/\/schema.org","@graph":[{"@type":"WebPage","@id":"https:\/\/rotoplastweb.com\/index.php\/azienda\/","url":"https:\/\/rotoplastweb.com\/index.php\/azienda\/","name":"Rotoplast - Materiali, Macchinari Soluzioni per limballaggio","isPartOf":{"@id":"https:\/\/rotoplastweb.com\/#website"},"datePublished":"2019-07-24T16:27:13+00:00","dateModified":"2026-04-04T10:31:35+00:00","description":"RotoPlast - Vendita di materiali, macchinari e soluzioni per limballaggio. Stampa nastri personalizzati, anche in piccole quantit\u00e0.","breadcrumb":{"@id":"https:\/\/rotoplastweb.com\/index.php\/azienda\/#breadcrumb"},"inLanguage":"it-IT","potentialAction":[{"@type":"ReadAction","target":["https:\/\/rotoplastweb.com\/index.php\/azienda\/"]}]},{"@type":"BreadcrumbList","@id":"https:\/\/rotoplastweb.com\/index.php\/azienda\/#breadcrumb","itemListElement":[{"@type":"ListItem","position":1,"name":"Home","item":"https:\/\/rotoplastweb.com\/"},{"@type":"ListItem","position":2,"name":"Azienda"}]},{"@type":"WebSite","@id":"https:\/\/rotoplastweb.com\/#website","url":"https:\/\/rotoplastweb.com\/","name":"Rotoplast","description":"Nastri personalizzati e soluzioni per imballaggio professionale","potentialAction":[{"@type":"SearchAction","target":{"@type":"EntryPoint","urlTemplate":"https:\/\/rotoplastweb.com\/?s={search_term_string}"},"query-input":{"@type":"PropertyValueSpecification","valueRequired":true,"valueName":"search_term_string"}}],"inLanguage":"it-IT"}]}},"_links":{"self":[{"href":"https:\/\/rotoplastweb.com\/index.php\/wp-json\/wp\/v2\/pages\/18","targetHints":{"allow":["GET"]}}],"collection":[{"href":"https:\/\/rotoplastweb.com\/index.php\/wp-json\/wp\/v2\/pages"}],"about":[{"href":"https:\/\/rotoplastweb.com\/index.php\/wp-json\/wp\/v2\/types\/page"}],"author":[{"embeddable":true,"href":"https:\/\/rotoplastweb.com\/index.php\/wp-json\/wp\/v2\/users\/1"}],"replies":[{"embeddable":true,"href":"https:\/\/rotoplastweb.com\/index.php\/wp-json\/wp\/v2\/comments?post=18"}],"version-history":[{"count":18,"href":"https:\/\/rotoplastweb.com\/index.php\/wp-json\/wp\/v2\/pages\/18\/revisions"}],"predecessor-version":[{"id":1164,"href":"https:\/\/rotoplastweb.com\/index.php\/wp-json\/wp\/v2\/pages\/18\/revisions\/1164"}],"wp:attachment":[{"href":"https:\/\/rotoplastweb.com\/index.php\/wp-json\/wp\/v2\/media?parent=18"}],"curies":[{"name":"wp","href":"https:\/\/api.w.org\/{rel}","templated":true}]}}