{"id":60,"date":"2019-09-28T16:06:39","date_gmt":"2019-09-28T16:06:39","guid":{"rendered":"https:\/\/store.rotoplastweb.com\/?page_id=60"},"modified":"2019-12-13T15:47:43","modified_gmt":"2019-12-13T14:47:43","slug":"termini-e-condizioni","status":"publish","type":"page","link":"https:\/\/rotoplastweb.com\/index.php\/termini-e-condizioni\/","title":{"rendered":"Termini e condizioni"},"content":{"rendered":"\r\n<h2 class=\"wp-block-heading\"><strong>CONDIZIONI GENERALI DI VENDITA<\/strong><\/h2>\r\n\r\n\r\n\r\n\r\n\r\n<h3 class=\"wp-block-heading\"><strong>Disposizioni generali.<\/strong><\/h3>\r\n\r\n\r\n\r\n<p>Le presenti Condizioni Generali di Vendita (di seguito \u201cCondizioni Generali\u201d), regolate dal Codice del Consumo (D.Lgs. n. 206\/2005 e s.m.i.) e dalle norme in materia di commercio elettronico (D.Lgs. n. 70\/2003 e s.m.i.), sono valide esclusivamente alle vendite a distanza concluse tramite web dei prodotti mostrati sul dominio <a href=\"https:\/\/rotoplastweb.com\">https:\/\/rotoplastweb.com\/<\/a> (di seguito &#8220;singolarmente <strong>Sito<\/strong>&#8221; o congiuntamente &#8220;<strong>Siti<\/strong>) tra la societ\u00e0 Rotoplast S.r.l., con sede legale in Via Giulio Giuliani, 11 \u2013 06034 Foligno (PG.), C.F. e P. Iva: 03655970543, (di seguito &#8220;<strong>ROTOPLAST<\/strong>&#8220;) e qualsiasi persona fisica, giuridica e\/o impresa individuale (di seguito &#8220;<strong>Cliente<\/strong>&#8220;).<br \/>Queste condizioni possono essere oggetto di modifiche e la data di pubblicazione delle stesse sul sito equivale alla data di entrata in vigore.<\/p>\r\n\r\n\r\n\r\n\r\n\r\n<h4 class=\"wp-block-heading\"><strong>Art. 1 &#8211; Oggetto del contratto.<\/strong><\/h4>\r\n\r\n\r\n\r\n<p>Con le presenti Condizioni Generali, ROTOPLAST vende al Cliente, che acquista a distanza, i beni mobili materiali indicati e offerti in vendita sul Sito (di seguito i <strong>&#8220;Prodotti&#8221;<\/strong>). Il contratto si conclude esclusivamente attraverso la rete internet, mediante la realizzazione di un ordine di acquisto da parte del Cliente secondo la procedura prevista sul Sito.<\/p>\r\n\r\n\r\n\r\n\r\n\r\n<h4 class=\"wp-block-heading\"><strong>Art. 2 &#8211; Informativa precontrattuale.<\/strong><\/h4>\r\n\r\n\r\n\r\n<p>Il Cliente, prima della conclusione dell\u2019acquisto, prende visione delle caratteristiche dei beni che vengono illustrate nelle singole schede di ciascun Prodotto e dichiara di essere stato specificatamente informato, fra le altre condizioni, soprattutto in relazione a: i) il prezzo dei Prodotti con il dettaglio delle spese di spedizione, IVA e altre imposte se applicabili, ed ogni altro costo; ii) modalit\u00e0 di pagamento; iii) condizioni, termini e procedure per l\u2019esercizio del diritto di recesso; iv) garanzie; v) legge applicabile e Foro competente. L\u2019inoltro dell\u2019ordine di acquisto implica l\u2019integrale conoscenza ed espressa accettazione da parte del Cliente delle presenti Condizioni Generali. Il Cliente \u00e8 tenuto a verificare con la massima attenzione e cura la correttezza dei propri dati contenuti nella conferma di acquisto ed a comunicare a ROTOPLAST, entro e non oltre le successive 24 ore, eventuali correzioni degli stessi.<br \/>Il Cliente, se persona fisica, realizzando un ordine attraverso il Sito, garantisce di essere maggiore di et\u00e0 (18 anni) e di possedere la capacit\u00e0 legale di stipulare contratti vincolanti.<br \/>E\u2019 in ogni caso fatto divieto al Cliente di inserire nomi falsi, inventati o di fantasia, nella procedura di ordine e nelle ulteriori comunicazioni a ROTOPLAST, che si riserva di perseguire legalmente ogni violazione ed abuso. Il Cliente deve prestare particolare attenzione nella compilazione del modulo d\u2019ordine in quanto ROTOPLAST non potr\u00e0 essere ritenuta in alcun modo responsabile di dati ritenuti errati dal Cliente, qualora tali informazioni siano state inviate dallo stesso.<\/p>\r\n\r\n\r\n\r\n\r\n\r\n<h4 class=\"wp-block-heading\"><strong>Art. 3 &#8211; Ordine.<\/strong><\/h4>\r\n\r\n\r\n\r\n<p>Il Cliente, che intenda procedere all\u2019acquisto dei Prodotti, deve manifestare tale volont\u00e0 attraverso una richiesta effettuata direttamente sul Sito, nella sezione appositamente dedicata, ove, seguendo le procedure ivi indicate, invier\u00e0 il proprio ordine d\u2019acquisto ed effettuer\u00e0 il pagamento. I dati personali comunicati per il pagamento verranno trattati da ROTOPLAST per dare seguito alla richiesta d&#8217;ordine ed alla relativa fatturazione, ad eccezione dei dati riguardanti la corresponsione del corrispettivo del bene acquistato, che verranno comunicati direttamente al sistema elettronico di pagamento messo a disposizione dagli istituti bancari utilizzati da ROTOPLAST, per consentire le transazioni economiche. In nessun caso ROTOPLAST potr\u00e0 essere ritenuta responsabile per l\u2019eventuale uso fraudolento ed indebito di carte di credito o simili da parte di terzi.<br \/>Concluso il contratto, ROTOPLAST trasmetter\u00e0 al Cliente, a mezzo posta elettronica, una conferma dell\u2019ordine e contenente un riepilogo delle informazioni gi\u00e0 contenute nell\u2019ordine stesso.<\/p>\r\n\r\n\r\n\r\n\r\n\r\n<h4 class=\"wp-block-heading\"><strong>Art. 4 &#8211; Prezzi.<\/strong><\/h4>\r\n\r\n\r\n\r\n<p>Salvo diversa indicazione scritta, tutti i prezzi di vendita dei Prodotti sono espressi in Euro (IVA esclusa e da applicarsi sulla base del Paese di destinazione e sulla base delle normative internazionali vigenti in materia) e potrebbero essere soggetti ad aggiornamenti. Il Cliente si deve accertare del prezzo finale di vendita prima di inoltrare il relativo modulo d\u2019ordine.<br \/>I costi di spedizione non sono compresi nel prezzo dei Prodotti, ma sono calcolati in base al metodo di spedizione scelto dal Cliente, alla destinazione da lui indicata, dal numero di colli e sono indicati al momento dell\u2019ordine, quando si posseggono i dati per poterli stimare.<\/p>\r\n\r\n\r\n\r\n\r\n\r\n<h4 class=\"wp-block-heading\"><strong>Art. 5 &#8211; Modalit\u00e0 di pagamento.<\/strong><\/h4>\r\n\r\n\r\n\r\n<p>Il pagamento pu\u00f2 avvenire mediante carta di credito, bonifico bancario, bonifico immediato, ricevuta bancaria, contrassegno o tramite il sistema Paypal . I dati e le comunicazioni relative al pagamento avvengono su apposite linee protette e con tutte le garanzie assicurate dall\u2019utilizzo dei protocolli di sicurezza previsti dai circuiti di pagamento elettronici.<\/p>\r\n\r\n\r\n\r\n\r\n\r\n<h3 class=\"wp-block-heading\"><strong>Art. 6 &#8211; Diritto di recesso per il Consumatore.<\/strong><\/h3>\r\n\r\n\r\n\r\n<p>6.1. Fatte salve le eccezioni di cui all\u2019art. 59 del Codice del Consumo, il Cliente cd. Consumatore dispone di un periodo di 14 giorni per recedere dal contratto, senza dover fornire alcuna motivazione. Fatto salvo l\u2019art. 53 del Codice del Consumo, il periodo di recesso poc\u2019anzi illustrato termina dopo 14 giorni a partire:<br \/>a) nel caso di contratti di vendita, dal giorno in cui il consumatore o un terzo (diverso dal vettore e designato dal consumatore) acquisisce il possesso fisico dei beni o: 1) nel caso di beni multipli ordinati dal consumatore mediante un solo ordine e consegnati separatamente, dal giorno in cui il consumatore o un terzo (diverso dal vettore e designato dal consumatore) acquisisce il possesso fisico dell\u2019ultimo bene; 2) nel caso di consegna di un bene costituito da lotti o pezzi multipli, dal giorno in cui il consumatore o un terzo (diverso dal vettore e designato dal consumatore) acquisisce il possesso fisico dell\u2019ultimo lotto o pezzo;<br \/>b) nel caso di contratti per la consegna periodica di beni durante un determinato periodo di tempo, dal giorno in cui il consumatore o un terzo (diverso dal vettore e designato dal consumatore) acquisisce il possesso fisico del primo bene.<br \/>6.2. Prima della scadenza del periodo di recesso meglio illustrato al precedente punto 6.1., il consumatore informa ROTOPLAST della sua decisione di esercitare il diritto di recesso dal contratto, scrivendo un\u2019e-mail all\u2019indirizzo info@rotoplastweb.com; le spese per la restituzione della merce (cos\u00ec come tutti i rischi del relativo trasporto) saranno totalmente a carico del Cliente. La merce dovr\u00e0 essere inviata al seguente indirizzo: ROTOPLAST S.r.l., con sede in Via Giulio Giuliani, 11, 06034 Foligno (PG); il Cliente dovr\u00e0 conservare prova dell\u2019avvenuta restituzione della merce resa a ROTOPLAST.<br \/>6.3. Tutti i resi effettuati oltre il termini legalmente validi per il diritto di recesso devono essere previamente ed espressamente autorizzati in forma scritta da ROTOPLAST.<br \/>6.4. Ai sensi dell\u2019art. 57 del Codice del Consumo, il Cliente cd. Consumatore \u00e8 tenuto a restituire i beni a ROTOPLAST senza indebito ritardo e, in ogni caso, entro 14 giorni dalla data in cui ha comunicato a ROTOPLAST la sua decisione di recedere dal contratto di vendita; il termine \u00e8 rispettato se il Cliente cd. Consumatore rispedisce i beni prima della scadenza del periodo di 14 giorni.<br \/>6.5. In caso di valido e tempestivo esercizio del diritto di recesso da parte del Cliente cd. Consumatore, ai sensi dell\u2019art. 56 del Codice del Consumo ROTOPLAST provvede a rimborsare al primo il pagamento ricevuto, senza indebito ritardo e comunque entro il termine di 14 giorni dal momento in cui \u00e8 stata informata dell\u2019esercizio del diritto di recesso da parte del Cliente cd. Consumatore. ROTOPLAST esegue il rimborso di cui al primo periodo utilizzando lo stesso mezzo di pagamento usato dal Cliente cd. Consumatore per la transazione iniziale, salvo che questo non comporti per ROTOPLAST un&#8217;attivit\u00e0 eccessiva. In tale situazione, di volta in volta individuata dall&#8217;impresa, quest&#8217;ultima provveder\u00e0 al rimborso nelle forme preferite, purch\u00e9 comunicate al cliente a mezzo e-mail tre giorni prima di eseguire il pagamento.<br \/>6.6. Nel rispetto del comma 3 dell\u2019art. 56 del Codice del Consumo, ROTOPLAST si riserva il diritto di trattenere il rimborso da eseguirsi in favore del Cliente cd. Consumatore recedente fino a che non abbia ricevuto la merce ovvero finch\u00e9 il Cliente cd. Consumatore non abbia dimostrato di aver rispedito a ROTOPLAST la merce.<br \/>6.7. Le merce oggetto di un valido e tempestivo diritto di recesso esercitato dal Cliente cd. Consumatore dovr\u00e0 essere restituita a ROTOPLAST, unitamente all\u2019apposito <a href=\"https:\/\/rotoplastweb.com\/wp-content\/uploads\/2019\/09\/RotoPlast_modulo_di_reso.pdf\" target=\"_blank\" rel=\"noopener noreferrer\"><strong>Modulo di Reso<\/strong><\/a> scaricabile sul sito web di ROTOPLAST, nelle medesime condizioni in cui il primo l\u2019aveva ricevuta, completa di tutti i relativi elementi, provvista dell\u2019imballo originale e degli eventuali manuali allegati, e senza che il Cliente cd. Consumatore abbia provveduto ad utilizzare, a consumarla ovvero a danneggiarla; ROTOPLAST si riserva la facolt\u00e0 di non accettare il reso dei prodotti da parte del Cliente cd. Consumatore laddove gli stessi siano stato alterati nelle loro caratteristiche essenziali e\/o qualitative ovvero nel caso in cui gli stessi siano stati danneggiati: in tale ipotesi, ROTOPLAST provveder\u00e0 a restituire al Cliente cd. Consumatore la merce, addebitando a quest\u2019ultimo le relative spese di spedizione senza effettuare il rimborso del prezzo.<br \/>6.8. Il diritto di recesso sopra meglio illustrato non \u00e8 escluso in tutte le ipotesi espressamente previste dall\u2019art. 59 del Codice del Consumo, alle cui prescrizioni normative ci si richiama integralmente.<\/p>\r\n\r\n\r\n\r\n\r\n\r\n<h4 class=\"wp-block-heading\"><strong>Art. 7 &#8211; Modalit\u00e0 di consegna.<\/strong><\/h4>\r\n\r\n\r\n\r\n<p>ROTOPLAST effettuer\u00e0 la consegna dei prodotti acquistati dal Cliente tramite vettori specializzati appositamente incaricati dall&#8217;impresa venditrice.<br \/>I tempi di consegna sono quelli indicati nell\u2019ordine di acquisto e specificati nella conferma dell\u2019ordine di acquisto e possono variare sulla base della destinazione, del tipo di prodotto, dell\u2019importo e del volume della merce. ROTOPLAST non si far\u00e0 carico dei ritardi causati dalla errata comunicazione di indirizzi e di altre informazioni necessarie ad effettuare la consegna dei Prodotti.<br \/>Al momento della consegna dei Prodotti al Cliente da parte del vettore incaricato del loro trasporto, il Cliente dovr\u00e0 controllare, alla presenza del vettore, che:<br \/>a) la quantit\u00e0 e la tipologia dei Prodotti ordinati corrisponda a quanto indicato nel documento di trasporto;<br \/>b) l\u2019imballaggio utilizzato per il trasporto risulti integro, non danneggiato o comunque alterato, anche solo nei materiali di chiusura.<br \/>c) la quantit\u00e0 e la tipologia dei Prodotti consegnati corrisponda a quanto ordinato.<\/p>\r\n<p><strong>Art. 8 &#8211; Garanzia.<\/strong><\/p>\r\n\r\n\r\n\r\n\r\n\r\n\r\n\r\n<p>8.1. Ai sensi dell\u2019art. 130 del Codice del Consumo, ROTOPLAST risulta responsabile, nei confronti del Cliente cd. Consumatore cos\u00ec definito dall\u2019art. 3 lett. a) del Codice del Consumo, per qualsiasi difetto di conformit\u00e0 esistente al momento della consegna del bene; in tal caso, il Cliente cd. Consumatore ha diritto al ripristino, senza spese, della conformit\u00e0 del bene mediante riparazione o sostituzione, a norma dei commi 3, 4, 5 e 6 dell\u2019art. 130 del Codice del Consumo, ovvero ad una riduzione adeguata del prezzo o alla risoluzione del contratto di vendita, conformemente ai commi 7, 8 e 9 dell\u2019art. 130 del Codice del Consumo: al riguardo, ROTOPLAST rileva che, ai sensi del comma 10 dell\u2019art. 130 del Codice del Consumo, un difetto di conformit\u00e0 di lieve entit\u00e0 per il quale non \u00e8 stato possibile o \u00e8 eccessivamente oneroso esperire i rimedi della riparazione o della sostituzione, non d\u00e0 diritto alla risoluzione del contratto.<br \/>8.2. In ordine alla situazione di cui all&#8217;articolo 8.1. e tenendo conto conto di tutto quanto ivi disposto, ROTOPLAST provveder\u00e0 a sostituire il bene acquistato che presente vizi, se quest&#8217;ultimi saranno denunciati dal cliente a mezzo lettera raccomandata o e-mail all&#8217;indirizzo info@rotoplastweb.com entro il termine di due mesi dalla scoperta e, comunque, entro un anno dalla consegna.<br \/>8.3. Al fine di poter usufruire della garanzia meglio illustrata ai precedenti punti 8.1. e 8.2., il Cliente cd. Consumatore \u00e8 tenuto inderogabilmente a fornire la cd. prova d\u2019acquisto nonch\u00e9 la prova dell\u2019effettiva consegna della merce da parte di ROTOPLAST.<br \/>8.4. I prodotti offerti in vendita da ROTOPLAST sul proprio sito web risultano conformi alla vigente legislazione nazionale italiana ovvero comunitaria; le immagini ed i colori della merce posta in vendita sul sito web di ROTOPLAST \u00e8 da intendersi a titolo indicativo ed illustrativo, con la conseguenza che il Cliente (sia esso cd. Consumatore sia esso cd. Professionista) \u00e8 tenuto a fare esclusivamente riferimento alle caratteristiche descritte nella scheda tecnica (ove esistente) del relativo prodotto: pertanto, eventuali imprecisioni ovvero differenze di natura non sostanziale tra quanto rappresentato sul sito web di ROTOPLAST ed il prodotto consegnato al Cliente non sono da considerarsi inadempimento di natura contrattuale.<\/p>\r\n\r\n\r\n\r\n\r\n\r\n<h4 class=\"wp-block-heading\"><strong>Art. 9 &#8211; <\/strong><strong>Legge applicabile e foro competente.<\/strong><\/h4>\r\n\r\n\r\n\r\n<p>Il contratto di vendita concluso secondo le presenti Condizioni Generali si intende concluso in Italia e regolato dalla legge italiana. Qualsiasi controversia relativa all\u2019interpretazione, esecuzione, validit\u00e0 del contratto di vendita concluso per mezzo del Sito, sar\u00e0 sottoposta alla competenza esclusiva del Foro di Spoleto.<\/p>\r\n\r\n\r\n\r\n\r\n\r\n<h4 class=\"wp-block-heading\"><strong>Art. 10 &#8211; Reclamo.<\/strong><\/h4>\r\n\r\n\r\n\r\n<p>Ogni eventuale reclamo dovr\u00e0 essere rivolto a ROTOPLAST, inviando una lettera raccomandata a\/r al seguente indirizzo: ROTOPLAST S.r.l., con sede legale in Via Giulio Giuliani, 11 \u2013 06034 Foligno (PG.) email info@rotoplastweb.com o PEC rotoplast.srl@pec.it.<br \/>Secondo l\u2019art. 49 comma 1 lettera V del Codice del Consumo, il Cliente Consumatore pu\u00f2 avvalersi della procedura di Conciliazione Paritetica Netcomm per la gestione in maniera amichevole e risoluzione in via stragiudiziale delle eventuali problematiche che dovessero insorgere in merito alla vendita conclusa secondo le presente Condizioni Generali.<br \/>La procedura pu\u00f2 essere avviata qualora il Consumatore, dopo avere presentato reclamo a ROTOPLAST, entro 30 giorni, non abbia ricevuto risposta ovvero abbia ricevuto risposta non ritenuta da lui soddisfacente. Il Consumatore che decide di avvalersi della Procedura Paritetica \u00e8 obbligato a trasmettere la domanda all\u2019indirizzo: conciliaizone@consorzionetcomm.it o al numero fax 02\/8781126. Per maggiori informazioni si rimanda al seguente indirizzo:<br \/>http:\/\/www.consorzionetcomm.it\/Spazio_Consumatori\/Conciliazione-Paritetica\/Conciliazione-Paritetica.kl.<\/p>\r\n<p><strong>Art. 11 &#8211; Assistenza clienti.<\/strong><\/p>\r\n\r\n\r\n\r\n\r\n\r\n\r\n\r\n<p>Per qualsiasi richiesta di assistenza, ROTOPLAST pu\u00f2 essere contatta telefonicamente al numero <strong>0742 23533<\/strong>. (Luned\u00ec \u2013 Vened\u00ec ore 9:00-18:00) via e-mail all\u2019indirizzo info@rotoplastweb.com.<\/p>\r\n\r\n\r\n\r\n\r\n\r\n<h4 class=\"wp-block-heading\"><strong>Art. 12 &#8211; Contenuti del Sito e diritti di propriet\u00e0 intellettuale.<\/strong><\/h4>\r\n\r\n\r\n\r\n<p>I contenuti del Sito quali, a titolo esemplificativo, le opere, le immagini, le fotografie, i dialoghi, le musiche, i video, i documenti, i disegni, le figure, i loghi ed ogni altro materiale pubblicato sul Sito sono protetti dal diritto d\u2019autore e da ogni altro diritto di propriet\u00e0 intellettuale di ROTOPLAST e degli altri titolari dei diritti. E\u2019 vietata la riproduzione, la modifica, la duplicazione, la copia o comunque lo sfruttamento delle immagini e dei contenuti del Sito se non previamente autorizzata per iscritto da ROTOPLAST. E\u2019 altres\u00ec vietato qualsiasi uso dei contenuti del Sito per fini commerciali e\/o pubblicitari.<\/p>\r\n\r\n\r\n\r\n\r\n\r\n<h4 class=\"wp-block-heading\"><strong>Art. 13 &#8211; Trattamento dei dati personali.<\/strong><\/h4>\r\n\r\n\r\n\r\n<p>I dati del Cliente sono trattati da ROTOPLAST conformemente a quanto previsto dalla normativa in materia di protezione dei dati personali, come meglio specificato nell\u2019Informativa disponibile nell\u2019apposita sezione Privacy presente sul Sito.<\/p>\r\n<p>&nbsp;<\/p>\r\n\r\n\r\n\r\n\r\n","protected":false},"excerpt":{"rendered":"<p>CONDIZIONI GENERALI DI VENDITA Disposizioni generali. Le presenti Condizioni Generali  [&#8230;]<\/p>\n","protected":false},"author":1,"featured_media":0,"parent":0,"menu_order":0,"comment_status":"closed","ping_status":"closed","template":"","meta":{"wp_pinch_chat_agent_id":"","wp_pinch_chat_placeholder":"","footnotes":""},"class_list":["post-60","page","type-page","status-publish","hentry"],"yoast_head":"<!-- This site is optimized with the Yoast SEO plugin v27.5 - https:\/\/yoast.com\/product\/yoast-seo-wordpress\/ -->\n<title>Termini e condizioni - Rotoplast<\/title>\n<meta name=\"robots\" content=\"index, follow, max-snippet:-1, max-image-preview:large, max-video-preview:-1\" \/>\n<link rel=\"canonical\" href=\"https:\/\/rotoplastweb.com\/index.php\/termini-e-condizioni\/\" \/>\n<meta property=\"og:locale\" content=\"it_IT\" \/>\n<meta property=\"og:type\" content=\"article\" \/>\n<meta property=\"og:title\" content=\"Termini e condizioni - Rotoplast\" \/>\n<meta property=\"og:description\" content=\"CONDIZIONI GENERALI DI VENDITA Disposizioni generali. Le presenti Condizioni Generali [...]\" \/>\n<meta property=\"og:url\" content=\"https:\/\/rotoplastweb.com\/index.php\/termini-e-condizioni\/\" \/>\n<meta property=\"og:site_name\" content=\"Rotoplast\" \/>\n<meta property=\"article:modified_time\" content=\"2019-12-13T14:47:43+00:00\" \/>\n<meta name=\"twitter:card\" content=\"summary_large_image\" \/>\n<meta name=\"twitter:label1\" content=\"Tempo di lettura stimato\" \/>\n\t<meta name=\"twitter:data1\" content=\"12 minuti\" \/>\n<!-- \/ Yoast SEO plugin. -->","yoast_head_json":{"title":"Termini e condizioni - Rotoplast","robots":{"index":"index","follow":"follow","max-snippet":"max-snippet:-1","max-image-preview":"max-image-preview:large","max-video-preview":"max-video-preview:-1"},"canonical":"https:\/\/rotoplastweb.com\/index.php\/termini-e-condizioni\/","og_locale":"it_IT","og_type":"article","og_title":"Termini e condizioni - Rotoplast","og_description":"CONDIZIONI GENERALI DI VENDITA Disposizioni generali. Le presenti Condizioni Generali [...]","og_url":"https:\/\/rotoplastweb.com\/index.php\/termini-e-condizioni\/","og_site_name":"Rotoplast","article_modified_time":"2019-12-13T14:47:43+00:00","twitter_card":"summary_large_image","twitter_misc":{"Tempo di lettura stimato":"12 minuti"},"schema":{"@context":"https:\/\/schema.org","@graph":[{"@type":"WebPage","@id":"https:\/\/rotoplastweb.com\/index.php\/termini-e-condizioni\/","url":"https:\/\/rotoplastweb.com\/index.php\/termini-e-condizioni\/","name":"Termini e condizioni - Rotoplast","isPartOf":{"@id":"https:\/\/rotoplastweb.com\/#website"},"datePublished":"2019-09-28T16:06:39+00:00","dateModified":"2019-12-13T14:47:43+00:00","breadcrumb":{"@id":"https:\/\/rotoplastweb.com\/index.php\/termini-e-condizioni\/#breadcrumb"},"inLanguage":"it-IT","potentialAction":[{"@type":"ReadAction","target":["https:\/\/rotoplastweb.com\/index.php\/termini-e-condizioni\/"]}]},{"@type":"BreadcrumbList","@id":"https:\/\/rotoplastweb.com\/index.php\/termini-e-condizioni\/#breadcrumb","itemListElement":[{"@type":"ListItem","position":1,"name":"Home","item":"https:\/\/rotoplastweb.com\/"},{"@type":"ListItem","position":2,"name":"Termini e condizioni"}]},{"@type":"WebSite","@id":"https:\/\/rotoplastweb.com\/#website","url":"https:\/\/rotoplastweb.com\/","name":"Rotoplast","description":"Nastri personalizzati e soluzioni per imballaggio professionale","potentialAction":[{"@type":"SearchAction","target":{"@type":"EntryPoint","urlTemplate":"https:\/\/rotoplastweb.com\/?s={search_term_string}"},"query-input":{"@type":"PropertyValueSpecification","valueRequired":true,"valueName":"search_term_string"}}],"inLanguage":"it-IT"}]}},"_links":{"self":[{"href":"https:\/\/rotoplastweb.com\/index.php\/wp-json\/wp\/v2\/pages\/60","targetHints":{"allow":["GET"]}}],"collection":[{"href":"https:\/\/rotoplastweb.com\/index.php\/wp-json\/wp\/v2\/pages"}],"about":[{"href":"https:\/\/rotoplastweb.com\/index.php\/wp-json\/wp\/v2\/types\/page"}],"author":[{"embeddable":true,"href":"https:\/\/rotoplastweb.com\/index.php\/wp-json\/wp\/v2\/users\/1"}],"replies":[{"embeddable":true,"href":"https:\/\/rotoplastweb.com\/index.php\/wp-json\/wp\/v2\/comments?post=60"}],"version-history":[{"count":17,"href":"https:\/\/rotoplastweb.com\/index.php\/wp-json\/wp\/v2\/pages\/60\/revisions"}],"predecessor-version":[{"id":679,"href":"https:\/\/rotoplastweb.com\/index.php\/wp-json\/wp\/v2\/pages\/60\/revisions\/679"}],"wp:attachment":[{"href":"https:\/\/rotoplastweb.com\/index.php\/wp-json\/wp\/v2\/media?parent=60"}],"curies":[{"name":"wp","href":"https:\/\/api.w.org\/{rel}","templated":true}]}}